{"id":55,"date":"2018-02-25T19:23:28","date_gmt":"2018-02-25T19:23:28","guid":{"rendered":"http:\/\/borderlittchen.de\/?page_id=55"},"modified":"2018-08-20T12:47:12","modified_gmt":"2018-08-20T12:47:12","slug":"kontakt","status":"publish","type":"page","link":"https:\/\/borderlittchen.de\/?page_id=55","title":{"rendered":"Kontakt"},"content":{"rendered":"<p style=\"text-align: justify;\">Wenn ihr m\u00f6chtet, k\u00f6nnt ihr mir gern schreiben. Zum Beispiel eure eigenen Erfahrungen und was euch geholfen hat.<\/p>\n<p style=\"text-align: justify;\">Seid aber bitte nicht traurig, wenn ich nicht- oder erst viel sp\u00e4ter- antworte. Die Betroffenen unter uns kennen sicher das Problem, dass man sich schnell \u00fcberfordert f\u00fchlt und Angst bekommt. Das ist leider auch ein Teil der Krankheit. Und trotzdem werde ich mir f\u00fcr jede eurer Emails Zeit nehmen und sie lesen \ud83d\ude00 .<\/p>\n<p style=\"text-align: justify;\">\n<div class=\"wpcf7 no-js\" id=\"wpcf7-f299-o1\" lang=\"de-DE\" dir=\"ltr\" data-wpcf7-id=\"299\">\n<div class=\"screen-reader-response\"><p role=\"status\" aria-live=\"polite\" aria-atomic=\"true\"><\/p> <ul><\/ul><\/div>\n<form action=\"\/index.php?rest_route=%2Fwp%2Fv2%2Fpages%2F55#wpcf7-f299-o1\" method=\"post\" class=\"wpcf7-form init\" aria-label=\"Kontaktformular\" novalidate=\"novalidate\" data-status=\"init\">\n<div style=\"display: none;\">\n<input type=\"hidden\" name=\"_wpcf7\" value=\"299\" \/>\n<input type=\"hidden\" name=\"_wpcf7_version\" value=\"6.0.6\" \/>\n<input type=\"hidden\" name=\"_wpcf7_locale\" value=\"de_DE\" \/>\n<input type=\"hidden\" name=\"_wpcf7_unit_tag\" value=\"wpcf7-f299-o1\" \/>\n<input type=\"hidden\" name=\"_wpcf7_container_post\" value=\"0\" \/>\n<input type=\"hidden\" name=\"_wpcf7_posted_data_hash\" value=\"\" \/>\n<\/div>\n<p><label> Dein Name (Pflichtfeld)<br \/>\n<span class=\"wpcf7-form-control-wrap\" data-name=\"your-name\"><input size=\"40\" maxlength=\"400\" class=\"wpcf7-form-control wpcf7-text wpcf7-validates-as-required\" aria-required=\"true\" aria-invalid=\"false\" value=\"\" type=\"text\" name=\"your-name\" \/><\/span> <\/label>\n<\/p>\n<p><label> Deine E-Mail-Adresse (Pflichtfeld)<br \/>\n<span class=\"wpcf7-form-control-wrap\" data-name=\"your-email\"><input size=\"40\" maxlength=\"400\" class=\"wpcf7-form-control wpcf7-email wpcf7-validates-as-required wpcf7-text wpcf7-validates-as-email\" aria-required=\"true\" aria-invalid=\"false\" value=\"\" type=\"email\" name=\"your-email\" \/><\/span> <\/label>\n<\/p>\n<p><label> Betreff<br \/>\n<span class=\"wpcf7-form-control-wrap\" data-name=\"your-subject\"><input size=\"40\" maxlength=\"400\" class=\"wpcf7-form-control wpcf7-text\" aria-invalid=\"false\" value=\"\" type=\"text\" name=\"your-subject\" \/><\/span> <\/label>\n<\/p>\n<p><label> Deine Nachricht<br \/>\n<span class=\"wpcf7-form-control-wrap\" data-name=\"your-message\"><textarea cols=\"40\" rows=\"10\" maxlength=\"2000\" class=\"wpcf7-form-control wpcf7-textarea\" aria-invalid=\"false\" name=\"your-message\"><\/textarea><\/span> <\/label>\n<\/p>\n<p><input class=\"wpcf7-form-control wpcf7-submit has-spinner\" type=\"submit\" value=\"Senden\" \/>\n<\/p><div class=\"wpcf7-response-output\" aria-hidden=\"true\"><\/div>\n<\/form>\n<\/div>\n<\/p>\n<p><img loading=\"lazy\" decoding=\"async\" class=\"alignnone size-full wp-image-9\" src=\"http:\/\/borderlittchen.de\/wp-content\/uploads\/2018\/02\/421-e1522437022195.jpg\" alt=\"\" width=\"668\" height=\"500\" \/><\/p>\n","protected":false},"excerpt":{"rendered":"<p>Wenn ihr m\u00f6chtet, k\u00f6nnt ihr mir gern schreiben. Zum Beispiel eure eigenen Erfahrungen und was euch geholfen hat. Seid aber bitte nicht traurig, wenn ich nicht- oder erst viel sp\u00e4ter- antworte. Die Betroffenen unter uns kennen sicher das Problem, dass man sich schnell \u00fcberfordert f\u00fchlt und Angst bekommt. Das ist leider auch ein Teil der [&hellip;]<\/p>\n","protected":false},"author":1,"featured_media":0,"parent":0,"menu_order":0,"comment_status":"closed","ping_status":"closed","template":"","meta":{"footnotes":""},"class_list":["post-55","page","type-page","status-publish","hentry"],"yoast_head":"<!-- This site is optimized with the Yoast SEO plugin v25.2 - https:\/\/yoast.com\/wordpress\/plugins\/seo\/ -->\n<title>Kontakt - Borderlittchen<\/title>\n<meta name=\"robots\" content=\"index, follow, max-snippet:-1, max-image-preview:large, max-video-preview:-1\" \/>\n<link rel=\"canonical\" href=\"https:\/\/borderlittchen.de\/?page_id=55\" \/>\n<meta property=\"og:locale\" content=\"de_DE\" \/>\n<meta property=\"og:type\" content=\"article\" \/>\n<meta property=\"og:title\" content=\"Kontakt - Borderlittchen\" \/>\n<meta property=\"og:description\" content=\"Wenn ihr m\u00f6chtet, k\u00f6nnt ihr mir gern schreiben. Zum Beispiel eure eigenen Erfahrungen und was euch geholfen hat. Seid aber bitte nicht traurig, wenn ich nicht- oder erst viel sp\u00e4ter- antworte. Die Betroffenen unter uns kennen sicher das Problem, dass man sich schnell \u00fcberfordert f\u00fchlt und Angst bekommt. Das ist leider auch ein Teil der [&hellip;]\" \/>\n<meta property=\"og:url\" content=\"https:\/\/borderlittchen.de\/?page_id=55\" \/>\n<meta property=\"og:site_name\" content=\"Borderlittchen\" \/>\n<meta property=\"article:modified_time\" content=\"2018-08-20T12:47:12+00:00\" \/>\n<meta property=\"og:image\" content=\"https:\/\/borderlittchen.de\/wp-content\/uploads\/2018\/02\/421-e1522437022195.jpg\" \/>\n\t<meta property=\"og:image:width\" content=\"668\" \/>\n\t<meta property=\"og:image:height\" content=\"500\" \/>\n\t<meta property=\"og:image:type\" content=\"image\/jpeg\" \/>\n<meta name=\"twitter:card\" content=\"summary_large_image\" \/>\n<script type=\"application\/ld+json\" class=\"yoast-schema-graph\">{\"@context\":\"https:\/\/schema.org\",\"@graph\":[{\"@type\":\"WebPage\",\"@id\":\"https:\/\/borderlittchen.de\/?page_id=55\",\"url\":\"https:\/\/borderlittchen.de\/?page_id=55\",\"name\":\"Kontakt - Borderlittchen\",\"isPartOf\":{\"@id\":\"https:\/\/borderlittchen.de\/#website\"},\"primaryImageOfPage\":{\"@id\":\"https:\/\/borderlittchen.de\/?page_id=55#primaryimage\"},\"image\":{\"@id\":\"https:\/\/borderlittchen.de\/?page_id=55#primaryimage\"},\"thumbnailUrl\":\"http:\/\/borderlittchen.de\/wp-content\/uploads\/2018\/02\/421-e1522437022195.jpg\",\"datePublished\":\"2018-02-25T19:23:28+00:00\",\"dateModified\":\"2018-08-20T12:47:12+00:00\",\"breadcrumb\":{\"@id\":\"https:\/\/borderlittchen.de\/?page_id=55#breadcrumb\"},\"inLanguage\":\"de\",\"potentialAction\":[{\"@type\":\"ReadAction\",\"target\":[\"https:\/\/borderlittchen.de\/?page_id=55\"]}]},{\"@type\":\"ImageObject\",\"inLanguage\":\"de\",\"@id\":\"https:\/\/borderlittchen.de\/?page_id=55#primaryimage\",\"url\":\"https:\/\/borderlittchen.de\/wp-content\/uploads\/2018\/02\/421-e1522437022195.jpg\",\"contentUrl\":\"https:\/\/borderlittchen.de\/wp-content\/uploads\/2018\/02\/421-e1522437022195.jpg\",\"width\":668,\"height\":500},{\"@type\":\"BreadcrumbList\",\"@id\":\"https:\/\/borderlittchen.de\/?page_id=55#breadcrumb\",\"itemListElement\":[{\"@type\":\"ListItem\",\"position\":1,\"name\":\"Startseite\",\"item\":\"https:\/\/borderlittchen.de\/\"},{\"@type\":\"ListItem\",\"position\":2,\"name\":\"Kontakt\"}]},{\"@type\":\"WebSite\",\"@id\":\"https:\/\/borderlittchen.de\/#website\",\"url\":\"https:\/\/borderlittchen.de\/\",\"name\":\"Borderlittchen\",\"description\":\"Mein neues Leben im Hier und Jetzt\",\"potentialAction\":[{\"@type\":\"SearchAction\",\"target\":{\"@type\":\"EntryPoint\",\"urlTemplate\":\"https:\/\/borderlittchen.de\/?s={search_term_string}\"},\"query-input\":{\"@type\":\"PropertyValueSpecification\",\"valueRequired\":true,\"valueName\":\"search_term_string\"}}],\"inLanguage\":\"de\"}]}<\/script>\n<!-- \/ Yoast SEO plugin. -->","yoast_head_json":{"title":"Kontakt - Borderlittchen","robots":{"index":"index","follow":"follow","max-snippet":"max-snippet:-1","max-image-preview":"max-image-preview:large","max-video-preview":"max-video-preview:-1"},"canonical":"https:\/\/borderlittchen.de\/?page_id=55","og_locale":"de_DE","og_type":"article","og_title":"Kontakt - Borderlittchen","og_description":"Wenn ihr m\u00f6chtet, k\u00f6nnt ihr mir gern schreiben. Zum Beispiel eure eigenen Erfahrungen und was euch geholfen hat. Seid aber bitte nicht traurig, wenn ich nicht- oder erst viel sp\u00e4ter- antworte. Die Betroffenen unter uns kennen sicher das Problem, dass man sich schnell \u00fcberfordert f\u00fchlt und Angst bekommt. Das ist leider auch ein Teil der [&hellip;]","og_url":"https:\/\/borderlittchen.de\/?page_id=55","og_site_name":"Borderlittchen","article_modified_time":"2018-08-20T12:47:12+00:00","og_image":[{"width":668,"height":500,"url":"https:\/\/borderlittchen.de\/wp-content\/uploads\/2018\/02\/421-e1522437022195.jpg","type":"image\/jpeg"}],"twitter_card":"summary_large_image","schema":{"@context":"https:\/\/schema.org","@graph":[{"@type":"WebPage","@id":"https:\/\/borderlittchen.de\/?page_id=55","url":"https:\/\/borderlittchen.de\/?page_id=55","name":"Kontakt - Borderlittchen","isPartOf":{"@id":"https:\/\/borderlittchen.de\/#website"},"primaryImageOfPage":{"@id":"https:\/\/borderlittchen.de\/?page_id=55#primaryimage"},"image":{"@id":"https:\/\/borderlittchen.de\/?page_id=55#primaryimage"},"thumbnailUrl":"http:\/\/borderlittchen.de\/wp-content\/uploads\/2018\/02\/421-e1522437022195.jpg","datePublished":"2018-02-25T19:23:28+00:00","dateModified":"2018-08-20T12:47:12+00:00","breadcrumb":{"@id":"https:\/\/borderlittchen.de\/?page_id=55#breadcrumb"},"inLanguage":"de","potentialAction":[{"@type":"ReadAction","target":["https:\/\/borderlittchen.de\/?page_id=55"]}]},{"@type":"ImageObject","inLanguage":"de","@id":"https:\/\/borderlittchen.de\/?page_id=55#primaryimage","url":"https:\/\/borderlittchen.de\/wp-content\/uploads\/2018\/02\/421-e1522437022195.jpg","contentUrl":"https:\/\/borderlittchen.de\/wp-content\/uploads\/2018\/02\/421-e1522437022195.jpg","width":668,"height":500},{"@type":"BreadcrumbList","@id":"https:\/\/borderlittchen.de\/?page_id=55#breadcrumb","itemListElement":[{"@type":"ListItem","position":1,"name":"Startseite","item":"https:\/\/borderlittchen.de\/"},{"@type":"ListItem","position":2,"name":"Kontakt"}]},{"@type":"WebSite","@id":"https:\/\/borderlittchen.de\/#website","url":"https:\/\/borderlittchen.de\/","name":"Borderlittchen","description":"Mein neues Leben im Hier und Jetzt","potentialAction":[{"@type":"SearchAction","target":{"@type":"EntryPoint","urlTemplate":"https:\/\/borderlittchen.de\/?s={search_term_string}"},"query-input":{"@type":"PropertyValueSpecification","valueRequired":true,"valueName":"search_term_string"}}],"inLanguage":"de"}]}},"_links":{"self":[{"href":"https:\/\/borderlittchen.de\/index.php?rest_route=\/wp\/v2\/pages\/55","targetHints":{"allow":["GET"]}}],"collection":[{"href":"https:\/\/borderlittchen.de\/index.php?rest_route=\/wp\/v2\/pages"}],"about":[{"href":"https:\/\/borderlittchen.de\/index.php?rest_route=\/wp\/v2\/types\/page"}],"author":[{"embeddable":true,"href":"https:\/\/borderlittchen.de\/index.php?rest_route=\/wp\/v2\/users\/1"}],"replies":[{"embeddable":true,"href":"https:\/\/borderlittchen.de\/index.php?rest_route=%2Fwp%2Fv2%2Fcomments&post=55"}],"version-history":[{"count":11,"href":"https:\/\/borderlittchen.de\/index.php?rest_route=\/wp\/v2\/pages\/55\/revisions"}],"predecessor-version":[{"id":300,"href":"https:\/\/borderlittchen.de\/index.php?rest_route=\/wp\/v2\/pages\/55\/revisions\/300"}],"wp:attachment":[{"href":"https:\/\/borderlittchen.de\/index.php?rest_route=%2Fwp%2Fv2%2Fmedia&parent=55"}],"curies":[{"name":"wp","href":"https:\/\/api.w.org\/{rel}","templated":true}]}}