{"id":526,"date":"2019-05-10T16:25:04","date_gmt":"2019-05-10T16:25:04","guid":{"rendered":"http:\/\/borderlittchen.de\/?page_id=526"},"modified":"2019-10-26T20:32:36","modified_gmt":"2019-10-26T20:32:36","slug":"facebook","status":"publish","type":"page","link":"https:\/\/borderlittchen.de\/?page_id=526","title":{"rendered":"Facebook"},"content":{"rendered":"\n<p>Ihr k\u00f6nnt mir jetzt auch auf Facebook folgen: <\/p>\n\n\n\n<p>:<a href=\"https:\/\/www.facebook.com\/Borderlittchen.de\/?modal=suggested_action\">https:\/\/www.facebook.com\/Borderlittchen.de\/?modal=suggested_action<\/a><\/p>\n\n\n\n<p>Auf meinem Profil m\u00f6chte ich euch etwas Sch\u00f6nes mit auf euren Weg geben. Das k\u00f6nnen Bilder, Spr\u00fcche oder auch etwas ganz anderes sein. Etwas, was aber auch zum Nachdenken anregen kann. Oder einfach nur f\u00fcr den Moment sch\u00f6n ist:-). <\/p>\n","protected":false},"excerpt":{"rendered":"<p>Ihr k\u00f6nnt mir jetzt auch auf Facebook folgen: :https:\/\/www.facebook.com\/Borderlittchen.de\/?modal=suggested_action Auf meinem Profil m\u00f6chte ich euch etwas Sch\u00f6nes mit auf euren Weg geben. Das k\u00f6nnen Bilder, Spr\u00fcche oder auch etwas ganz anderes sein. Etwas, was aber auch zum Nachdenken anregen kann. Oder einfach nur f\u00fcr den Moment sch\u00f6n ist:-).<\/p>\n","protected":false},"author":1,"featured_media":0,"parent":0,"menu_order":0,"comment_status":"closed","ping_status":"closed","template":"","meta":{"footnotes":""},"class_list":["post-526","page","type-page","status-publish","hentry"],"yoast_head":"<!-- This site is optimized with the Yoast SEO plugin v25.2 - https:\/\/yoast.com\/wordpress\/plugins\/seo\/ -->\n<title>Facebook - Borderlittchen<\/title>\n<meta name=\"robots\" content=\"index, follow, max-snippet:-1, max-image-preview:large, max-video-preview:-1\" \/>\n<link rel=\"canonical\" href=\"https:\/\/borderlittchen.de\/?page_id=526\" \/>\n<meta property=\"og:locale\" content=\"de_DE\" \/>\n<meta property=\"og:type\" content=\"article\" \/>\n<meta property=\"og:title\" content=\"Facebook - Borderlittchen\" \/>\n<meta property=\"og:description\" content=\"Ihr k\u00f6nnt mir jetzt auch auf Facebook folgen: :https:\/\/www.facebook.com\/Borderlittchen.de\/?modal=suggested_action Auf meinem Profil m\u00f6chte ich euch etwas Sch\u00f6nes mit auf euren Weg geben. Das k\u00f6nnen Bilder, Spr\u00fcche oder auch etwas ganz anderes sein. Etwas, was aber auch zum Nachdenken anregen kann. Oder einfach nur f\u00fcr den Moment sch\u00f6n ist:-).\" \/>\n<meta property=\"og:url\" content=\"https:\/\/borderlittchen.de\/?page_id=526\" \/>\n<meta property=\"og:site_name\" content=\"Borderlittchen\" \/>\n<meta property=\"article:modified_time\" content=\"2019-10-26T20:32:36+00:00\" \/>\n<meta name=\"twitter:card\" content=\"summary_large_image\" \/>\n<script type=\"application\/ld+json\" class=\"yoast-schema-graph\">{\"@context\":\"https:\/\/schema.org\",\"@graph\":[{\"@type\":\"WebPage\",\"@id\":\"https:\/\/borderlittchen.de\/?page_id=526\",\"url\":\"https:\/\/borderlittchen.de\/?page_id=526\",\"name\":\"Facebook - Borderlittchen\",\"isPartOf\":{\"@id\":\"https:\/\/borderlittchen.de\/#website\"},\"datePublished\":\"2019-05-10T16:25:04+00:00\",\"dateModified\":\"2019-10-26T20:32:36+00:00\",\"breadcrumb\":{\"@id\":\"https:\/\/borderlittchen.de\/?page_id=526#breadcrumb\"},\"inLanguage\":\"de\",\"potentialAction\":[{\"@type\":\"ReadAction\",\"target\":[\"https:\/\/borderlittchen.de\/?page_id=526\"]}]},{\"@type\":\"BreadcrumbList\",\"@id\":\"https:\/\/borderlittchen.de\/?page_id=526#breadcrumb\",\"itemListElement\":[{\"@type\":\"ListItem\",\"position\":1,\"name\":\"Startseite\",\"item\":\"https:\/\/borderlittchen.de\/\"},{\"@type\":\"ListItem\",\"position\":2,\"name\":\"Facebook\"}]},{\"@type\":\"WebSite\",\"@id\":\"https:\/\/borderlittchen.de\/#website\",\"url\":\"https:\/\/borderlittchen.de\/\",\"name\":\"Borderlittchen\",\"description\":\"Mein neues Leben im Hier und Jetzt\",\"potentialAction\":[{\"@type\":\"SearchAction\",\"target\":{\"@type\":\"EntryPoint\",\"urlTemplate\":\"https:\/\/borderlittchen.de\/?s={search_term_string}\"},\"query-input\":{\"@type\":\"PropertyValueSpecification\",\"valueRequired\":true,\"valueName\":\"search_term_string\"}}],\"inLanguage\":\"de\"}]}<\/script>\n<!-- \/ Yoast SEO plugin. -->","yoast_head_json":{"title":"Facebook - Borderlittchen","robots":{"index":"index","follow":"follow","max-snippet":"max-snippet:-1","max-image-preview":"max-image-preview:large","max-video-preview":"max-video-preview:-1"},"canonical":"https:\/\/borderlittchen.de\/?page_id=526","og_locale":"de_DE","og_type":"article","og_title":"Facebook - Borderlittchen","og_description":"Ihr k\u00f6nnt mir jetzt auch auf Facebook folgen: :https:\/\/www.facebook.com\/Borderlittchen.de\/?modal=suggested_action Auf meinem Profil m\u00f6chte ich euch etwas Sch\u00f6nes mit auf euren Weg geben. Das k\u00f6nnen Bilder, Spr\u00fcche oder auch etwas ganz anderes sein. Etwas, was aber auch zum Nachdenken anregen kann. Oder einfach nur f\u00fcr den Moment sch\u00f6n ist:-).","og_url":"https:\/\/borderlittchen.de\/?page_id=526","og_site_name":"Borderlittchen","article_modified_time":"2019-10-26T20:32:36+00:00","twitter_card":"summary_large_image","schema":{"@context":"https:\/\/schema.org","@graph":[{"@type":"WebPage","@id":"https:\/\/borderlittchen.de\/?page_id=526","url":"https:\/\/borderlittchen.de\/?page_id=526","name":"Facebook - Borderlittchen","isPartOf":{"@id":"https:\/\/borderlittchen.de\/#website"},"datePublished":"2019-05-10T16:25:04+00:00","dateModified":"2019-10-26T20:32:36+00:00","breadcrumb":{"@id":"https:\/\/borderlittchen.de\/?page_id=526#breadcrumb"},"inLanguage":"de","potentialAction":[{"@type":"ReadAction","target":["https:\/\/borderlittchen.de\/?page_id=526"]}]},{"@type":"BreadcrumbList","@id":"https:\/\/borderlittchen.de\/?page_id=526#breadcrumb","itemListElement":[{"@type":"ListItem","position":1,"name":"Startseite","item":"https:\/\/borderlittchen.de\/"},{"@type":"ListItem","position":2,"name":"Facebook"}]},{"@type":"WebSite","@id":"https:\/\/borderlittchen.de\/#website","url":"https:\/\/borderlittchen.de\/","name":"Borderlittchen","description":"Mein neues Leben im Hier und Jetzt","potentialAction":[{"@type":"SearchAction","target":{"@type":"EntryPoint","urlTemplate":"https:\/\/borderlittchen.de\/?s={search_term_string}"},"query-input":{"@type":"PropertyValueSpecification","valueRequired":true,"valueName":"search_term_string"}}],"inLanguage":"de"}]}},"_links":{"self":[{"href":"https:\/\/borderlittchen.de\/index.php?rest_route=\/wp\/v2\/pages\/526","targetHints":{"allow":["GET"]}}],"collection":[{"href":"https:\/\/borderlittchen.de\/index.php?rest_route=\/wp\/v2\/pages"}],"about":[{"href":"https:\/\/borderlittchen.de\/index.php?rest_route=\/wp\/v2\/types\/page"}],"author":[{"embeddable":true,"href":"https:\/\/borderlittchen.de\/index.php?rest_route=\/wp\/v2\/users\/1"}],"replies":[{"embeddable":true,"href":"https:\/\/borderlittchen.de\/index.php?rest_route=%2Fwp%2Fv2%2Fcomments&post=526"}],"version-history":[{"count":4,"href":"https:\/\/borderlittchen.de\/index.php?rest_route=\/wp\/v2\/pages\/526\/revisions"}],"predecessor-version":[{"id":618,"href":"https:\/\/borderlittchen.de\/index.php?rest_route=\/wp\/v2\/pages\/526\/revisions\/618"}],"wp:attachment":[{"href":"https:\/\/borderlittchen.de\/index.php?rest_route=%2Fwp%2Fv2%2Fmedia&parent=526"}],"curies":[{"name":"wp","href":"https:\/\/api.w.org\/{rel}","templated":true}]}}