{"id":44,"date":"2018-02-25T19:07:42","date_gmt":"2018-02-25T19:07:42","guid":{"rendered":"http:\/\/borderlittchen.de\/?page_id=44"},"modified":"2023-10-06T14:57:59","modified_gmt":"2023-10-06T14:57:59","slug":"herzlich-willkommen","status":"publish","type":"page","link":"https:\/\/borderlittchen.de\/","title":{"rendered":"Startseite"},"content":{"rendered":"<p style=\"text-align: justify;\">Herzlich willkommen \ud83d\ude00 .<\/p>\n<p><img loading=\"lazy\" decoding=\"async\" class=\"wp-image-885 aligncenter\" src=\"http:\/\/borderlittchen.de\/wp-content\/uploads\/2021\/12\/IMG_20211110_141336_276-rotated.jpg\" alt=\"\" width=\"279\" height=\"372\" srcset=\"https:\/\/borderlittchen.de\/wp-content\/uploads\/2021\/12\/IMG_20211110_141336_276-rotated.jpg 1920w, https:\/\/borderlittchen.de\/wp-content\/uploads\/2021\/12\/IMG_20211110_141336_276-225x300.jpg 225w, https:\/\/borderlittchen.de\/wp-content\/uploads\/2021\/12\/IMG_20211110_141336_276-644x859.jpg 644w, https:\/\/borderlittchen.de\/wp-content\/uploads\/2021\/12\/IMG_20211110_141336_276-768x1024.jpg 768w, https:\/\/borderlittchen.de\/wp-content\/uploads\/2021\/12\/IMG_20211110_141336_276-1152x1536.jpg 1152w, https:\/\/borderlittchen.de\/wp-content\/uploads\/2021\/12\/IMG_20211110_141336_276-1536x2048.jpg 1536w, https:\/\/borderlittchen.de\/wp-content\/uploads\/2021\/12\/IMG_20211110_141336_276-624x832.jpg 624w\" sizes=\"auto, (max-width: 279px) 100vw, 279px\" \/><\/p>\n<p style=\"text-align: justify;\">Ich freue mich sehr, dass ihr meinen Blog lesen m\u00f6chtet.<\/p>\n<p style=\"text-align: justify;\">In meinem Blog geht es um den Umgang mit meiner Borderline Erkrankung. Darum, wie mein Alltag aussieht und wie ich ihn gestalte. Mit allen Besonderheiten, die dazu geh\u00f6ren.<\/p>\n<p>Dabei schreibe ich nicht t\u00e4glich sondern in Abst\u00e4nden. Je nachdem, was in meinem Leben los ist und mich bewegt. Was erz\u00e4hlt und berichtet werden m\u00f6chte; was wichtig ist; wie ich mit aktuellen Herausforderungen und Situationen umgehe. Was mir dabei hilft. Und manchmal eben auch, wenn es schwierig wird. Denn sowohl gute als auch schlechte Phasen geh\u00f6ren zu meinem Leben dazu- genau wie bei anderen Menschen auch. Nur wechseln sie sich bei mir \u00f6fter ab.<\/p>\n<p>In schlechten Phasen hilft mir meine Hilfsliste, die ich als separaten Punkt oben in der Leiste f\u00fcr euch aufgef\u00fchrt habe. Vielleicht ist ja f\u00fcr den einen oder anderen von euch eine M\u00f6glichkeit dabei, die euch auch hilft. Bei mir war es grade zu Anfang so, dass ich vieles ausprobiert habe und nur ein Bruchteil davon mir wirklich geholfen hat. Daf\u00fcr aber nachhaltig und dauerhaft. Im Laufe der Jahre sind auch immer mehr M\u00f6glichkeiten zur positiven Alltagsbew\u00e4ltigung hinzugekommen. Manche durch aktives Ausprobieren und Tipps und andere auch durch Zufall.<\/p>\n<p>Ich w\u00fcrde mich freuen, wenn ich euch mit diesem Blog zumindest etwas Mut und Hoffnung machen kann, dass man mit der Borderline St\u00f6rung (und aller Begleiterkrankungen, wie Depressionen, \u00c4ngsten, etc.) trotz aller Besonderheiten und Herausforderungen ein gutes Leben f\u00fchren kann. Und niemand sich f\u00fcr eine Erkrankung sch\u00e4men sollte. Ich w\u00fcrde mir w\u00fcnschen, dass mein Blog somit auch zu einer Entstigmatisierung und Anerkennung psychischer Erkrankungen beitr\u00e4gt. Insbesondere, da diese nach au\u00dfen hin oft nicht sichtbar sind und somit von vielen Menschen nicht ernstgenommen, schlimmstenfalls sogar abgetan und bel\u00e4chelt werden.\u00a0 Das sollte sich in unserer Gesellschaft dringend \u00e4ndern. Dazu m\u00f6chte ich gerne beitragen.<\/p>\n","protected":false},"excerpt":{"rendered":"<p>Herzlich willkommen \ud83d\ude00 . Ich freue mich sehr, dass ihr meinen Blog lesen m\u00f6chtet. In meinem Blog geht es um den Umgang mit meiner Borderline Erkrankung. Darum, wie mein Alltag aussieht und wie ich ihn gestalte. Mit allen Besonderheiten, die dazu geh\u00f6ren. Dabei schreibe ich nicht t\u00e4glich sondern in Abst\u00e4nden. Je nachdem, was in meinem [&hellip;]<\/p>\n","protected":false},"author":1,"featured_media":0,"parent":0,"menu_order":0,"comment_status":"closed","ping_status":"closed","template":"","meta":{"footnotes":""},"class_list":["post-44","page","type-page","status-publish","hentry"],"yoast_head":"<!-- This site is optimized with the Yoast SEO plugin v25.2 - https:\/\/yoast.com\/wordpress\/plugins\/seo\/ -->\n<title>Startseite - Borderlittchen<\/title>\n<meta name=\"robots\" content=\"index, follow, max-snippet:-1, max-image-preview:large, max-video-preview:-1\" \/>\n<link rel=\"canonical\" href=\"https:\/\/borderlittchen.de\/\" \/>\n<meta property=\"og:locale\" content=\"de_DE\" \/>\n<meta property=\"og:type\" content=\"article\" \/>\n<meta property=\"og:title\" content=\"Startseite - Borderlittchen\" \/>\n<meta property=\"og:description\" content=\"Herzlich willkommen \ud83d\ude00 . Ich freue mich sehr, dass ihr meinen Blog lesen m\u00f6chtet. In meinem Blog geht es um den Umgang mit meiner Borderline Erkrankung. Darum, wie mein Alltag aussieht und wie ich ihn gestalte. Mit allen Besonderheiten, die dazu geh\u00f6ren. Dabei schreibe ich nicht t\u00e4glich sondern in Abst\u00e4nden. Je nachdem, was in meinem [&hellip;]\" \/>\n<meta property=\"og:url\" content=\"https:\/\/borderlittchen.de\/\" \/>\n<meta property=\"og:site_name\" content=\"Borderlittchen\" \/>\n<meta property=\"article:modified_time\" content=\"2023-10-06T14:57:59+00:00\" \/>\n<meta property=\"og:image\" content=\"http:\/\/borderlittchen.de\/wp-content\/uploads\/2021\/12\/IMG_20211110_141336_276-rotated.jpg\" \/>\n<meta name=\"twitter:card\" content=\"summary_large_image\" \/>\n<meta name=\"twitter:label1\" content=\"Gesch\u00e4tzte Lesezeit\" \/>\n\t<meta name=\"twitter:data1\" content=\"2\u00a0Minuten\" \/>\n<script type=\"application\/ld+json\" class=\"yoast-schema-graph\">{\"@context\":\"https:\/\/schema.org\",\"@graph\":[{\"@type\":\"WebPage\",\"@id\":\"https:\/\/borderlittchen.de\/\",\"url\":\"https:\/\/borderlittchen.de\/\",\"name\":\"Startseite - Borderlittchen\",\"isPartOf\":{\"@id\":\"https:\/\/borderlittchen.de\/#website\"},\"primaryImageOfPage\":{\"@id\":\"https:\/\/borderlittchen.de\/#primaryimage\"},\"image\":{\"@id\":\"https:\/\/borderlittchen.de\/#primaryimage\"},\"thumbnailUrl\":\"http:\/\/borderlittchen.de\/wp-content\/uploads\/2021\/12\/IMG_20211110_141336_276-rotated.jpg\",\"datePublished\":\"2018-02-25T19:07:42+00:00\",\"dateModified\":\"2023-10-06T14:57:59+00:00\",\"breadcrumb\":{\"@id\":\"https:\/\/borderlittchen.de\/#breadcrumb\"},\"inLanguage\":\"de\",\"potentialAction\":[{\"@type\":\"ReadAction\",\"target\":[\"https:\/\/borderlittchen.de\/\"]}]},{\"@type\":\"ImageObject\",\"inLanguage\":\"de\",\"@id\":\"https:\/\/borderlittchen.de\/#primaryimage\",\"url\":\"http:\/\/borderlittchen.de\/wp-content\/uploads\/2021\/12\/IMG_20211110_141336_276-rotated.jpg\",\"contentUrl\":\"http:\/\/borderlittchen.de\/wp-content\/uploads\/2021\/12\/IMG_20211110_141336_276-rotated.jpg\"},{\"@type\":\"BreadcrumbList\",\"@id\":\"https:\/\/borderlittchen.de\/#breadcrumb\",\"itemListElement\":[{\"@type\":\"ListItem\",\"position\":1,\"name\":\"Startseite\",\"item\":\"https:\/\/borderlittchen.de\/\"},{\"@type\":\"ListItem\",\"position\":2,\"name\":\"Startseite\"}]},{\"@type\":\"WebSite\",\"@id\":\"https:\/\/borderlittchen.de\/#website\",\"url\":\"https:\/\/borderlittchen.de\/\",\"name\":\"Borderlittchen\",\"description\":\"Mein neues Leben im Hier und Jetzt\",\"potentialAction\":[{\"@type\":\"SearchAction\",\"target\":{\"@type\":\"EntryPoint\",\"urlTemplate\":\"https:\/\/borderlittchen.de\/?s={search_term_string}\"},\"query-input\":{\"@type\":\"PropertyValueSpecification\",\"valueRequired\":true,\"valueName\":\"search_term_string\"}}],\"inLanguage\":\"de\"}]}<\/script>\n<!-- \/ Yoast SEO plugin. -->","yoast_head_json":{"title":"Startseite - Borderlittchen","robots":{"index":"index","follow":"follow","max-snippet":"max-snippet:-1","max-image-preview":"max-image-preview:large","max-video-preview":"max-video-preview:-1"},"canonical":"https:\/\/borderlittchen.de\/","og_locale":"de_DE","og_type":"article","og_title":"Startseite - Borderlittchen","og_description":"Herzlich willkommen \ud83d\ude00 . Ich freue mich sehr, dass ihr meinen Blog lesen m\u00f6chtet. In meinem Blog geht es um den Umgang mit meiner Borderline Erkrankung. Darum, wie mein Alltag aussieht und wie ich ihn gestalte. Mit allen Besonderheiten, die dazu geh\u00f6ren. Dabei schreibe ich nicht t\u00e4glich sondern in Abst\u00e4nden. Je nachdem, was in meinem [&hellip;]","og_url":"https:\/\/borderlittchen.de\/","og_site_name":"Borderlittchen","article_modified_time":"2023-10-06T14:57:59+00:00","og_image":[{"url":"http:\/\/borderlittchen.de\/wp-content\/uploads\/2021\/12\/IMG_20211110_141336_276-rotated.jpg","type":"","width":"","height":""}],"twitter_card":"summary_large_image","twitter_misc":{"Gesch\u00e4tzte Lesezeit":"2\u00a0Minuten"},"schema":{"@context":"https:\/\/schema.org","@graph":[{"@type":"WebPage","@id":"https:\/\/borderlittchen.de\/","url":"https:\/\/borderlittchen.de\/","name":"Startseite - Borderlittchen","isPartOf":{"@id":"https:\/\/borderlittchen.de\/#website"},"primaryImageOfPage":{"@id":"https:\/\/borderlittchen.de\/#primaryimage"},"image":{"@id":"https:\/\/borderlittchen.de\/#primaryimage"},"thumbnailUrl":"http:\/\/borderlittchen.de\/wp-content\/uploads\/2021\/12\/IMG_20211110_141336_276-rotated.jpg","datePublished":"2018-02-25T19:07:42+00:00","dateModified":"2023-10-06T14:57:59+00:00","breadcrumb":{"@id":"https:\/\/borderlittchen.de\/#breadcrumb"},"inLanguage":"de","potentialAction":[{"@type":"ReadAction","target":["https:\/\/borderlittchen.de\/"]}]},{"@type":"ImageObject","inLanguage":"de","@id":"https:\/\/borderlittchen.de\/#primaryimage","url":"http:\/\/borderlittchen.de\/wp-content\/uploads\/2021\/12\/IMG_20211110_141336_276-rotated.jpg","contentUrl":"http:\/\/borderlittchen.de\/wp-content\/uploads\/2021\/12\/IMG_20211110_141336_276-rotated.jpg"},{"@type":"BreadcrumbList","@id":"https:\/\/borderlittchen.de\/#breadcrumb","itemListElement":[{"@type":"ListItem","position":1,"name":"Startseite","item":"https:\/\/borderlittchen.de\/"},{"@type":"ListItem","position":2,"name":"Startseite"}]},{"@type":"WebSite","@id":"https:\/\/borderlittchen.de\/#website","url":"https:\/\/borderlittchen.de\/","name":"Borderlittchen","description":"Mein neues Leben im Hier und Jetzt","potentialAction":[{"@type":"SearchAction","target":{"@type":"EntryPoint","urlTemplate":"https:\/\/borderlittchen.de\/?s={search_term_string}"},"query-input":{"@type":"PropertyValueSpecification","valueRequired":true,"valueName":"search_term_string"}}],"inLanguage":"de"}]}},"_links":{"self":[{"href":"https:\/\/borderlittchen.de\/index.php?rest_route=\/wp\/v2\/pages\/44","targetHints":{"allow":["GET"]}}],"collection":[{"href":"https:\/\/borderlittchen.de\/index.php?rest_route=\/wp\/v2\/pages"}],"about":[{"href":"https:\/\/borderlittchen.de\/index.php?rest_route=\/wp\/v2\/types\/page"}],"author":[{"embeddable":true,"href":"https:\/\/borderlittchen.de\/index.php?rest_route=\/wp\/v2\/users\/1"}],"replies":[{"embeddable":true,"href":"https:\/\/borderlittchen.de\/index.php?rest_route=%2Fwp%2Fv2%2Fcomments&post=44"}],"version-history":[{"count":21,"href":"https:\/\/borderlittchen.de\/index.php?rest_route=\/wp\/v2\/pages\/44\/revisions"}],"predecessor-version":[{"id":909,"href":"https:\/\/borderlittchen.de\/index.php?rest_route=\/wp\/v2\/pages\/44\/revisions\/909"}],"wp:attachment":[{"href":"https:\/\/borderlittchen.de\/index.php?rest_route=%2Fwp%2Fv2%2Fmedia&parent=44"}],"curies":[{"name":"wp","href":"https:\/\/api.w.org\/{rel}","templated":true}]}}